{"id":59,"date":"2023-12-30T00:44:14","date_gmt":"2023-12-30T00:44:14","guid":{"rendered":"https:\/\/roma-laser.ch\/index.php\/product\/porte-cle-maison\/"},"modified":"2024-01-05T16:12:46","modified_gmt":"2024-01-05T16:12:46","slug":"porte-cle-maison","status":"publish","type":"product","link":"https:\/\/roma-laser.ch\/index.php\/product\/porte-cle-maison\/","title":{"rendered":"Porte cl\u00e9 maison"},"content":{"rendered":"<p>D\u00e9couvrez l&#8217;\u00e9l\u00e9gance naturelle de nos porte-cl\u00e9s en bois personnalis\u00e9s. Fabriqu\u00e9s avec soin \u00e0 partir de bois de haute qualit\u00e9, ces porte-cl\u00e9s uniques allient style et personnalisation.<\/p>\n<p>Choisissez parmi une gamme de designs exquis et ajoutez une touche personnelle avec une gravure personnalis\u00e9e. Nos porte-cl\u00e9s en bois sont le moyen id\u00e9al d&#8217;exprimer votre individualit\u00e9 tout en gardant vos cl\u00e9s \u00e0 port\u00e9e de main.<\/p>\n<p>Optez pour l&#8217;authenticit\u00e9 du bois et cr\u00e9ez un accessoire pratique et esth\u00e9tique qui refl\u00e8te votre style personnel. Commandez d\u00e8s maintenant pour ajouter une touche naturelle et personnalis\u00e9e \u00e0 votre quotidien.<\/p>\n","protected":false},"excerpt":{"rendered":"<p>D\u00e9couvrez l&#8217;\u00e9l\u00e9gance naturelle de nos porte-cl\u00e9s en bois personnalis\u00e9s. Fabriqu\u00e9s avec soin \u00e0 partir de bois de haute qualit\u00e9, ces porte-cl\u00e9s uniques allient style et personnalisation. Choisissez parmi une gamme de designs exquis et ajoutez une touche personnelle avec une gravure personnalis\u00e9e. Nos porte-cl\u00e9s en bois sont le moyen id\u00e9al d&#8217;exprimer votre individualit\u00e9 tout en &#8230; <a title=\"Porte cl\u00e9 maison\" class=\"read-more\" href=\"https:\/\/roma-laser.ch\/index.php\/product\/porte-cle-maison\/\" aria-label=\"More on Porte cl\u00e9 maison\">Read more<\/a><\/p>\n","protected":false},"featured_media":65,"comment_status":"open","ping_status":"closed","template":"","meta":{"inline_featured_image":false},"product_cat":[18],"product_tag":[],"_links":{"self":[{"href":"https:\/\/roma-laser.ch\/index.php\/wp-json\/wp\/v2\/product\/59"}],"collection":[{"href":"https:\/\/roma-laser.ch\/index.php\/wp-json\/wp\/v2\/product"}],"about":[{"href":"https:\/\/roma-laser.ch\/index.php\/wp-json\/wp\/v2\/types\/product"}],"replies":[{"embeddable":true,"href":"https:\/\/roma-laser.ch\/index.php\/wp-json\/wp\/v2\/comments?post=59"}],"wp:featuredmedia":[{"embeddable":true,"href":"https:\/\/roma-laser.ch\/index.php\/wp-json\/wp\/v2\/media\/65"}],"wp:attachment":[{"href":"https:\/\/roma-laser.ch\/index.php\/wp-json\/wp\/v2\/media?parent=59"}],"wp:term":[{"taxonomy":"product_cat","embeddable":true,"href":"https:\/\/roma-laser.ch\/index.php\/wp-json\/wp\/v2\/product_cat?post=59"},{"taxonomy":"product_tag","embeddable":true,"href":"https:\/\/roma-laser.ch\/index.php\/wp-json\/wp\/v2\/product_tag?post=59"}],"curies":[{"name":"wp","href":"https:\/\/api.w.org\/{rel}","templated":true}]}}